{"id":4932,"date":"2024-03-16T12:06:30","date_gmt":"2024-03-16T12:06:30","guid":{"rendered":"https:\/\/kahfguard.com\/haram-web-sitesi-gonderin\/"},"modified":"2024-06-16T18:55:28","modified_gmt":"2024-06-16T18:55:28","slug":"haram-web-sitesi-gonderin","status":"publish","type":"page","link":"https:\/\/kahfguard.com\/tr\/haram-web-sitesi-gonderin\/","title":{"rendered":"Haram Web Sitesi G\u00f6nderin"},"content":{"rendered":"\t\t<div data-elementor-type=\"wp-page\" data-elementor-id=\"4932\" class=\"elementor elementor-4932 elementor-3322\" data-elementor-settings=\"{&quot;ha_cmc_init_switcher&quot;:&quot;no&quot;}\" data-elementor-post-type=\"page\">\n\t\t\t\t<div class=\"elementor-element elementor-element-bcfdbe2 e-con-full e-flex e-con e-parent\" data-id=\"bcfdbe2\" data-element_type=\"container\" data-e-type=\"container\" data-settings=\"{&quot;background_background&quot;:&quot;classic&quot;,&quot;_ha_eqh_enable&quot;:false}\">\n\t\t\t\t<div class=\"elementor-element elementor-element-f236c05 elementor-widget elementor-widget-heading\" data-id=\"f236c05\" data-element_type=\"widget\" data-e-type=\"widget\" data-widget_type=\"heading.default\">\n\t\t\t\t<div class=\"elementor-widget-container\">\n\t\t\t\t\t<h2 class=\"elementor-heading-title elementor-size-default\">Katk\u0131da Bulunun<\/h2>\t\t\t\t<\/div>\n\t\t\t\t<\/div>\n\t\t\t\t<div class=\"elementor-element elementor-element-45b3ae3 elementor-widget elementor-widget-text-editor\" data-id=\"45b3ae3\" data-element_type=\"widget\" data-e-type=\"widget\" data-widget_type=\"text-editor.default\">\n\t\t\t\t<div class=\"elementor-widget-container\">\n\t\t\t\t\t\t\t\t\t<p>\u00c7evrimi\u00e7i Haramlara kar\u015f\u0131 bize yard\u0131mc\u0131 olun. Haram bir web sitesi mi g\u00f6rd\u00fcn\u00fcz? Payla\u015f\u0131n ve dijital korumam\u0131z\u0131 g\u00fc\u00e7lendirin.<\/p>\n\t\t\t\t\t\t\t\t<\/div>\n\t\t\t\t<\/div>\n\t\t\t\t<\/div>\n\t\t<div class=\"elementor-element elementor-element-2b53a4c1 e-flex e-con-boxed e-con e-parent\" data-id=\"2b53a4c1\" data-element_type=\"container\" data-e-type=\"container\" data-settings=\"{&quot;_ha_eqh_enable&quot;:false}\">\n\t\t\t\t\t<div class=\"e-con-inner\">\n\t\t<div class=\"elementor-element elementor-element-69263ae e-con-full e-flex e-con e-child\" data-id=\"69263ae\" data-element_type=\"container\" data-e-type=\"container\" data-settings=\"{&quot;_ha_eqh_enable&quot;:false}\">\n\t\t\t\t<div class=\"elementor-element elementor-element-3b64a8b elementor-widget elementor-widget-image\" data-id=\"3b64a8b\" data-element_type=\"widget\" data-e-type=\"widget\" data-widget_type=\"image.default\">\n\t\t\t\t<div class=\"elementor-widget-container\">\n\t\t\t\t\t\t\t\t\t\t\t\t\t\t\t<img decoding=\"async\" width=\"1\" height=\"1\" src=\"https:\/\/kahfguard.com\/wp-content\/uploads\/2024\/03\/9170824.svg\" class=\"attachment-full size-full wp-image-3801\" alt=\"\" \/>\t\t\t\t\t\t\t\t\t\t\t\t\t\t\t<\/div>\n\t\t\t\t<\/div>\n\t\t\t\t<\/div>\n\t\t<div class=\"elementor-element elementor-element-d1fa864 e-flex e-con-boxed e-con e-child\" data-id=\"d1fa864\" data-element_type=\"container\" data-e-type=\"container\" data-settings=\"{&quot;_ha_eqh_enable&quot;:false}\">\n\t\t\t\t\t<div class=\"e-con-inner\">\n\t\t\t\t<div class=\"elementor-element elementor-element-56df51bd elementor-widget elementor-widget-text-editor\" data-id=\"56df51bd\" data-element_type=\"widget\" data-e-type=\"widget\" data-widget_type=\"text-editor.default\">\n\t\t\t\t<div class=\"elementor-widget-container\">\n\t\t\t\t\t\t\t\t\t\n<div class='fluentform ff-default fluentform_wrapper_3 ffs_default_wrap'><form data-form_id=\"3\" id=\"fluentform_3\" class=\"frm-fluent-form fluent_form_3 ff-el-form-top ff_form_instance_3_1 ff-form-loading ffs_default\" data-form_instance=\"ff_form_instance_3_1\" method=\"POST\" ><fieldset  style=\"border: none!important;margin: 0!important;padding: 0!important;background-color: transparent!important;box-shadow: none!important;outline: none!important; min-inline-size: 100%;\">\n                    <legend class=\"ff_screen_reader_title\" style=\"display: block; margin: 0!important;padding: 0!important;height: 0!important;text-indent: -999999px;width: 0!important;overflow:hidden;\">Haram Website submission<\/legend><input type='hidden' name='__fluent_form_embded_post_id' value='4932' \/><input type=\"hidden\" id=\"_fluentform_3_fluentformnonce\" name=\"_fluentform_3_fluentformnonce\" value=\"0bae6f24dd\" \/><input type=\"hidden\" name=\"_wp_http_referer\" value=\"\/tr\/wp-json\/wp\/v2\/pages\/4932\" \/><div class=\"ff-el-group ff-el-section-break  ff_left\" data-name=\"section_break-3_1\" ><h3 class='ff-el-section-title'>Submit Haram Website<\/h3><div class='ff-section_break_desk'><\/div><hr \/><\/div><div data-type=\"name-element\" data-name=\"names\" class=\" ff-field_container ff-name-field-wrapper\" ><div class='ff-t-container'><div class='ff-t-cell '><div class='ff-el-group  ff-el-form-top'><div class=\"ff-el-input--label asterisk-right\"><label for='ff_3_names_first_name_' id='label_ff_3_names_first_name_' >First Name<\/label><\/div><div class='ff-el-input--content'><input type=\"text\" name=\"names[first_name]\" id=\"ff_3_names_first_name_\" class=\"ff-el-form-control\" placeholder=\"First Name\" aria-invalid=\"false\" aria-required=false><\/div><\/div><\/div><div class='ff-t-cell '><div class='ff-el-group  ff-el-form-top'><div class=\"ff-el-input--label asterisk-right\"><label for='ff_3_names_last_name_' id='label_ff_3_names_last_name_' >Last Name<\/label><\/div><div class='ff-el-input--content'><input type=\"text\" name=\"names[last_name]\" id=\"ff_3_names_last_name_\" class=\"ff-el-form-control\" placeholder=\"Last Name\" aria-invalid=\"false\" aria-required=false><\/div><\/div><\/div><\/div><\/div><div class='ff-el-group'><div class=\"ff-el-input--label ff-el-is-required asterisk-right\"><label for='ff_3_email' id='label_ff_3_email' aria-label=\"Email\">Email<\/label><\/div><div class='ff-el-input--content'><input type=\"email\" name=\"email\" id=\"ff_3_email\" class=\"ff-el-form-control\" placeholder=\"Email Address\" data-name=\"email\"  aria-invalid=\"false\" aria-required=true><\/div><\/div>        <div data-type=\"repeater_field\" data-name=\"repeater_field_1\" class=\"ff-el-group ff-el-repeater js-repeater\" data-root_name=\"repeater_field_1\"  >\n            <div class='ff-el-input--label asterisk-right'><label aria-label='Haram Website Address' for=''>Haram Website Address<\/label><\/div>            <div class='ff-el-input--content'>\n                <table role=\"table\" aria-label=\"Repeater Field\" data-max_repeat=\"\" data-root_name=\"repeater_field_1\" class=\"ff_repeater_table ff_flexible_table\">\n                    <thead>\n                    <tr>\n                                                    <th><div class='ff-el-input--label ff-el-is-required asterisk-right'><label aria-label='Website URL' for=''>Website URL<\/label><\/div><\/th>\n                                                    <th><div class='ff-el-input--label ff-el-is-required asterisk-right'><label aria-label='Category' for=''>Category<\/label><\/div><\/th>\n                                                <th><\/th>\n                    <\/tr>\n                    <\/thead>\n                    <tbody>\n                    <tr>\n                                                    <td data-label=\"Website URL\">\n                                                                <div class='ff-el-group'><div class='ff-el-input--content'><input type=\"text\" aria-label=\"repeater level 1 and field Website URL\" name=\"repeater_field_1[0][]\" id=\"ff_3_repeater_field_1_0\" data-repeater_index=\"0\" data-type=\"repeater_item\" data-name=\"repeater_field_1_0_0\" data-error_index=\"repeater_field_1[0]\" class=\"ff-el-form-control\"  aria-invalid=\"false\" aria-required=true><\/div><\/div>                            <\/td>\n                                                    <td data-label=\"Category\">\n                                                                <div class='ff-el-group'><div class='ff-el-input--content'><select type=\"select\" aria-label=\"repeater level 1 and field Category\" name=\"repeater_field_1[0][]\" id=\"ff_3_repeater_field_1_1\" data-repeater_index=\"1\" data-type=\"repeater_item\" data-name=\"repeater_field_1_1_0\" data-error_index=\"repeater_field_1[1]\" data-calc_value=\"0\" class=\"ff-el-form-control\"  aria-invalid=\"false\" aria-required=\"true\" aria-labelledby=\"label_ff_3_repeater_field_1_1\"><option value=\"Porn\"  >Porn<\/option><option value=\"Anti Islamic\"  >Anti Islamic<\/option><option value=\"Adult\"  >Adult<\/option><option value=\"Gambling\"  >Gambling<\/option><option value=\"tracking\"  >tracking<\/option><option value=\"Ads\"  >Ads<\/option><option value=\"Drug\"  >Drug<\/option><option value=\"Hacking\"  >Hacking<\/option><option value=\"Phishing\"  >Phishing<\/option><option value=\"Redirector\"  >Redirector<\/option><option value=\"Dating\"  >Dating<\/option><option value=\"Abuse\"  >Abuse<\/option><option value=\"Fraud\"  >Fraud<\/option><option value=\"Malware\"  >Malware<\/option><option value=\"Ransomware\"  >Ransomware<\/option><option value=\"Scam\"  >Scam<\/option><option value=\"Torrent\"  >Torrent<\/option><\/select><\/div><\/div>                            <\/td>\n                                                <td class=\"repeat_btn\"><div class=\"ff-el-repeat-buttons-list js-repeat-buttons\"><span role=\"button\" aria-label=\"add repeater\" class=\"repeat-plus\"><svg tabindex=\"0\" width=\"20\" height=\"20\" viewBox=\"0 0 512 512\"><path d=\"m256 48c-115 0-208 93-208 208 0 115 93 208 208 208 115 0 208-93 208-208 0-115-93-208-208-208z m107 229l-86 0 0 86-42 0 0-86-86 0 0-42 86 0 0-86 42 0 0 86 86 0z\"><\/path><\/svg><\/span><span role=\"button\" aria-label=\"remove repeater\" class=\"repeat-minus\"><svg tabindex=\"0\" width=\"20\" height=\"20\" viewBox=\"0 0 512 512\"><path d=\"m256 48c-115 0-208 93-208 208 0 115 93 208 208 208 115 0 208-93 208-208 0-115-93-208-208-208z m107 229l-214 0 0-42 214 0z\"\"><\/path><\/svg><\/span><\/div><\/td>\n                    <\/tr>\n                    <\/tbody>\n                <\/table>\n            <\/div>\n        <\/div>\n        <div class='ff-el-group ff-text-left ff_submit_btn_wrapper'><button type=\"submit\" class=\"ff-btn ff-btn-submit ff-btn-md ff_btn_style wpf_has_custom_css\"  aria-label=\"Submit Haram\">Submit Haram <\/button><\/div><\/fieldset><\/form><div id='fluentform_3_errors' class='ff-errors-in-stack ff_form_instance_3_1 ff-form-loading_errors ff_form_instance_3_1_errors'><\/div><\/div>            <script type=\"text\/javascript\">\n                window.fluent_form_ff_form_instance_3_1 = {\"id\":\"3\",\"settings\":{\"layout\":{\"labelPlacement\":\"top\",\"helpMessagePlacement\":\"with_label\",\"errorMessagePlacement\":\"inline\",\"cssClassName\":\"\",\"asteriskPlacement\":\"asterisk-right\"},\"restrictions\":{\"denyEmptySubmission\":{\"enabled\":false}}},\"form_instance\":\"ff_form_instance_3_1\",\"form_id_selector\":\"fluentform_3\",\"rules\":{\"names[first_name]\":{\"required\":{\"value\":false,\"message\":\"This field is required\",\"global_message\":\"This field is required\",\"global\":true}},\"names[middle_name]\":{\"required\":{\"value\":false,\"message\":\"This field is required\",\"global_message\":\"This field is required\",\"global\":true}},\"names[last_name]\":{\"required\":{\"value\":false,\"message\":\"This field is required\",\"global_message\":\"This field is required\",\"global\":true}},\"email\":{\"required\":{\"value\":true,\"message\":\"This field is required\",\"global_message\":\"This field is required\",\"global\":true},\"email\":{\"value\":true,\"message\":\"This field must contain a valid email\",\"global_message\":\"This field must contain a valid email\",\"global\":true}},\"repeater_field_1[0]\":{\"required\":{\"value\":true,\"message\":\"This field is required\",\"global\":false,\"global_message\":\"This field is required\"}},\"repeater_field_1[1]\":{\"required\":{\"value\":true,\"global\":true,\"global_message\":\"This field is required\",\"message\":\"This field is required\"}}},\"debounce_time\":300};\n                            <\/script>\n            \n\t\t\t\t\t\t\t\t<\/div>\n\t\t\t\t<\/div>\n\t\t\t\t\t<\/div>\n\t\t\t\t<\/div>\n\t\t\t\t\t<\/div>\n\t\t\t\t<\/div>\n\t\t\t\t<\/div>\n\t\t","protected":false},"excerpt":{"rendered":"<p>Katk\u0131da Bulunun \u00c7evrimi\u00e7i Haramlara kar\u015f\u0131 bize yard\u0131mc\u0131 olun. Haram bir web sitesi mi g\u00f6rd\u00fcn\u00fcz? Payla\u015f\u0131n ve dijital korumam\u0131z\u0131 g\u00fc\u00e7lendirin.<\/p>\n","protected":false},"author":1,"featured_media":0,"parent":0,"menu_order":0,"comment_status":"closed","ping_status":"closed","template":"","meta":{"inline_featured_image":false,"footnotes":""},"class_list":["post-4932","page","type-page","status-publish","hentry"],"_links":{"self":[{"href":"https:\/\/kahfguard.com\/tr\/wp-json\/wp\/v2\/pages\/4932","targetHints":{"allow":["GET"]}}],"collection":[{"href":"https:\/\/kahfguard.com\/tr\/wp-json\/wp\/v2\/pages"}],"about":[{"href":"https:\/\/kahfguard.com\/tr\/wp-json\/wp\/v2\/types\/page"}],"author":[{"embeddable":true,"href":"https:\/\/kahfguard.com\/tr\/wp-json\/wp\/v2\/users\/1"}],"replies":[{"embeddable":true,"href":"https:\/\/kahfguard.com\/tr\/wp-json\/wp\/v2\/comments?post=4932"}],"version-history":[{"count":0,"href":"https:\/\/kahfguard.com\/tr\/wp-json\/wp\/v2\/pages\/4932\/revisions"}],"wp:attachment":[{"href":"https:\/\/kahfguard.com\/tr\/wp-json\/wp\/v2\/media?parent=4932"}],"curies":[{"name":"wp","href":"https:\/\/api.w.org\/{rel}","templated":true}]}}